{"id":474,"date":"2021-02-22T15:23:16","date_gmt":"2021-02-22T15:23:16","guid":{"rendered":"http:\/\/gelavista2.ipma.pt\/?page_id=474"},"modified":"2024-01-16T15:11:33","modified_gmt":"2024-01-16T15:11:33","slug":"documentos","status":"publish","type":"page","link":"https:\/\/gelavista.ipma.pt\/en\/documentos\/","title":{"rendered":"Documents"},"content":{"rendered":"\n<div class=\"wp-block-file\"><a id=\"wp-block-file--media-55d6b444-6338-4105-827d-4102605b8227\" href=\"\/wp-content\/uploads\/2021\/07\/GelAvista-Continente.pdf\">Flyer GelAvista-Continente<\/a><a href=\"\/wp-content\/uploads\/2021\/07\/GelAvista-Continente.pdf\" class=\"wp-block-file__button\" download aria-describedby=\"wp-block-file--media-55d6b444-6338-4105-827d-4102605b8227\">Descarregar<\/a><\/div>\n\n\n\n<div class=\"wp-block-file\"><a id=\"wp-block-file--media-fd8cd48e-c0ab-436d-b81c-e661d5c1486b\" href=\"\/wp-content\/uploads\/2021\/07\/GelAvista-Madeira.pdf\">Flyer GelAvista-Madeira<\/a><a href=\"\/wp-content\/uploads\/2021\/07\/GelAvista-Madeira.pdf\" class=\"wp-block-file__button\" download aria-describedby=\"wp-block-file--media-fd8cd48e-c0ab-436d-b81c-e661d5c1486b\">Descarregar<\/a><\/div>\n\n\n\n<div class=\"wp-block-file\"><a id=\"wp-block-file--media-bf80cfd1-8867-486b-a9f7-71b068c2f5ee\" href=\"\/wp-content\/uploads\/2021\/07\/GelAvista-Acores.pdf\">Flyer GelAvista-A\u00e7ores<\/a><a href=\"\/wp-content\/uploads\/2021\/07\/GelAvista-Acores.pdf\" class=\"wp-block-file__button\" download aria-describedby=\"wp-block-file--media-bf80cfd1-8867-486b-a9f7-71b068c2f5ee\">Descarregar<\/a><\/div>\n\n\n\n<div class=\"wp-block-file\"><a id=\"wp-block-file--media-bf2e7ce7-6e3b-438e-97cf-2235313a91d7\" href=\"\/wp-content\/uploads\/2021\/07\/phyphy.pdf\">Physalia physalis &#8211; sightings 2016 to 2020<\/a><a href=\"\/wp-content\/uploads\/2021\/07\/phyphy.pdf\" class=\"wp-block-file__button\" download aria-describedby=\"wp-block-file--media-bf2e7ce7-6e3b-438e-97cf-2235313a91d7\">Descarregar<\/a><\/div>\n\n\n\n<div class=\"wp-block-file\"><a id=\"wp-block-file--media-a422496c-ab16-4f72-bc24-f22b6f04d57c\" href=\"\/wp-content\/uploads\/2021\/11\/A-Malej_Are-we-facing-a-more-gelatinous-future-for-coastal-waters_the-Adriatic-Sea-case.pdf\">Presentation &#8220;Are we facing a more gelatinous future for coastal waters &#8211; the Adriatic Sea case&#8221; Alenka MALEJ<\/a><a href=\"\/wp-content\/uploads\/2021\/11\/A-Malej_Are-we-facing-a-more-gelatinous-future-for-coastal-waters_the-Adriatic-Sea-case.pdf\" class=\"wp-block-file__button\" download aria-describedby=\"wp-block-file--media-a422496c-ab16-4f72-bc24-f22b6f04d57c\">Descarregar<\/a><\/div>\n\n\n\n<div class=\"wp-block-file\"><a id=\"wp-block-file--media-d36ddac9-e5b7-4121-8caf-9f37593a4cee\" href=\"\/wp-content\/uploads\/2021\/11\/Sonia-KM-Gueroun_6th-GelAvista-meeting_Online-presentation_compressed.pdf\">Presentation &#8220;Catostylus tagi life cycle and first insight into its ecology&#8221; Sonia KM Gueroun<\/a><a href=\"\/wp-content\/uploads\/2021\/11\/Sonia-KM-Gueroun_6th-GelAvista-meeting_Online-presentation_compressed.pdf\" class=\"wp-block-file__button\" download aria-describedby=\"wp-block-file--media-d36ddac9-e5b7-4121-8caf-9f37593a4cee\">Descarregar<\/a><\/div>\n\n\n\n<div class=\"wp-block-file\"><a id=\"wp-block-file--media-ecdb2df6-7c8a-4c54-84fb-90ced83d0eb5\" href=\"\/wp-content\/uploads\/2023\/11\/Number-of-total-sightings-received-by-GelAvista.pdf\">Number of total sightings received by GelAvista 2016 &#8211; 2022<\/a><a href=\"\/wp-content\/uploads\/2023\/11\/Number-of-total-sightings-received-by-GelAvista.pdf\" class=\"wp-block-file__button\" download aria-describedby=\"wp-block-file--media-ecdb2df6-7c8a-4c54-84fb-90ced83d0eb5\">Descarregar<\/a><\/div>\n\n\n\n<div class=\"wp-block-file\"><a id=\"wp-block-file--media-907f9c7d-31a8-4696-b4ba-18e82651ed73\" href=\"\/wp-content\/uploads\/2024\/01\/Joao-Bruges-1.pdf\">Fotografia Subaqu\u00e1tica: desde a captura \u00e0 imagem by Jo\u00e3o Bruges<\/a><a href=\"\/wp-content\/uploads\/2024\/01\/Joao-Bruges-1.pdf\" class=\"wp-block-file__button\" download aria-describedby=\"wp-block-file--media-907f9c7d-31a8-4696-b4ba-18e82651ed73\">Descarregar<\/a><\/div>\n\n\n\n<div class=\"wp-block-file\"><a id=\"wp-block-file--media-6b0040e8-ba05-44d9-a7e6-b9d6d657cd5c\" href=\"\/wp-content\/uploads\/2024\/01\/Carlos-Leal.pdf\">A Sustentabilidade Azul come\u00e7a na Educa\u00e7\u00e3o: contributos de um centro de ci\u00eancia by Carlos Leal<\/a><a href=\"\/wp-content\/uploads\/2024\/01\/Carlos-Leal.pdf\" class=\"wp-block-file__button\" download aria-describedby=\"wp-block-file--media-6b0040e8-ba05-44d9-a7e6-b9d6d657cd5c\">Descarregar<\/a><\/div>\n","protected":false},"excerpt":{"rendered":"","protected":false},"author":1,"featured_media":0,"parent":0,"menu_order":0,"comment_status":"closed","ping_status":"closed","template":"","meta":{"_coblocks_attr":"","_coblocks_dimensions":"","_coblocks_responsive_height":"","_coblocks_accordion_ie_support":"","footnotes":""},"class_list":["post-474","page","type-page","status-publish","hentry"],"translation":{"provider":"WPGlobus","version":"3.0.0","language":"en","enabled_languages":["pt","en"],"languages":{"pt":{"title":true,"content":true,"excerpt":false},"en":{"title":true,"content":true,"excerpt":false}}},"_links":{"self":[{"href":"https:\/\/gelavista.ipma.pt\/en\/wp-json\/wp\/v2\/pages\/474","targetHints":{"allow":["GET"]}}],"collection":[{"href":"https:\/\/gelavista.ipma.pt\/en\/wp-json\/wp\/v2\/pages"}],"about":[{"href":"https:\/\/gelavista.ipma.pt\/en\/wp-json\/wp\/v2\/types\/page"}],"author":[{"embeddable":true,"href":"https:\/\/gelavista.ipma.pt\/en\/wp-json\/wp\/v2\/users\/1"}],"replies":[{"embeddable":true,"href":"https:\/\/gelavista.ipma.pt\/en\/wp-json\/wp\/v2\/comments?post=474"}],"version-history":[{"count":62,"href":"https:\/\/gelavista.ipma.pt\/en\/wp-json\/wp\/v2\/pages\/474\/revisions"}],"predecessor-version":[{"id":1083,"href":"https:\/\/gelavista.ipma.pt\/en\/wp-json\/wp\/v2\/pages\/474\/revisions\/1083"}],"wp:attachment":[{"href":"https:\/\/gelavista.ipma.pt\/en\/wp-json\/wp\/v2\/media?parent=474"}],"curies":[{"name":"wp","href":"https:\/\/api.w.org\/{rel}","templated":true}]}}